{"id":4262,"date":"2016-11-04T07:52:00","date_gmt":"2016-11-04T11:52:00","guid":{"rendered":"http:\/\/atelierevablanca.com\/en\/les-artisans\/"},"modified":"2016-11-19T18:19:12","modified_gmt":"2016-11-19T23:19:12","slug":"artisans","status":"publish","type":"page","link":"https:\/\/atelierevablanca.com\/en\/artisans\/","title":{"rendered":"The Artisans"},"content":{"rendered":"<p>[vc_row css=&#8221;.vc_custom_1479591468480{padding-right: 30px !important;padding-left: 30px !important;}&#8221;][vc_column][vc_empty_space height=&#8221;150px&#8221;][vc_column_text]<\/p>\n<h2 style=\"text-align: center;\">Our experts working their art<\/h2>\n<p>[\/vc_column_text][vc_empty_space height=&#8221;10px&#8221;][vc_column_text css=&#8221;.vc_custom_1479597527156{padding-right: 75px !important;padding-left: 75px !important;}&#8221;]<\/p>\n<p style=\"text-align: center;\">Discover our team of over thirty makeup &amp; hair artists specialized in bridal beauty.<br \/>\nFor luxury and serenity of your wedding day.<\/p>\n<h5 style=\"text-align: center;\">Choose l&#8217;Atelier.<\/h5>\n<p>[\/vc_column_text][vc_empty_space height=&#8221;150px&#8221;][\/vc_column][\/vc_row][vc_row][vc_column][vc_empty_space height=&#8221;2px&#8221;][vc_gallery type=&#8221;image_grid&#8221; images=&#8221;4196,4169,4168,4167,3783,3779&#8243; img_size=&#8221;400&#215;400&#8243; css=&#8221;.vc_custom_1479591659335{padding-right: 20px !important;padding-left: 20px !important;background-position: center !important;background-repeat: no-repeat !important;background-size: cover !important;}&#8221;][vc_empty_space height=&#8221;2px&#8221;][\/vc_column][\/vc_row]<\/p>\n","protected":false},"excerpt":{"rendered":"<p>[vc_row css=&#8221;.vc_custom_1479591468480{padding-right: 30px !important;padding-left: 30px !important;}&#8221;][vc_column][vc_empty_space height=&#8221;150px&#8221;][vc_column_text] Our experts working their art [\/vc_column_text][vc_empty_space height=&#8221;10px&#8221;][vc_column_text css=&#8221;.vc_custom_1479597527156{padding-right: 75px !important;padding-left: 75px !important;}&#8221;] Discover our team of over thirty makeup &amp; hair artists specialized in bridal beauty. For luxury and serenity of your wedding day. Choose l&#8217;Atelier. [\/vc_column_text][vc_empty_space height=&#8221;150px&#8221;][\/vc_column][\/vc_row][vc_row][vc_column][vc_empty_space&#8230;<\/p>\n","protected":false},"author":1,"featured_media":0,"parent":0,"menu_order":0,"comment_status":"closed","ping_status":"closed","template":"full-width.php","meta":{"_monsterinsights_skip_tracking":false,"_monsterinsights_sitenote_active":false,"_monsterinsights_sitenote_note":"","_monsterinsights_sitenote_category":0},"yoast_head":"<!-- This site is optimized with the Yoast SEO plugin v21.1 - https:\/\/yoast.com\/wordpress\/plugins\/seo\/ -->\n<title>The Artisans | Atelier Eva Blanca<\/title>\n<meta name=\"description\" content=\"D\u00e9couvrez les artisants de l&#039;Atelier Eva Blanca. Une \u00e9quipe d&#039;experts en maquillage et coiffure de mariage dans la r\u00e9gion de Montr\u00e9al.\" \/>\n<meta name=\"robots\" content=\"index, follow, max-snippet:-1, max-image-preview:large, max-video-preview:-1\" \/>\n<link rel=\"canonical\" href=\"https:\/\/atelierevablanca.com\/en\/artisans\/\" \/>\n<meta property=\"og:locale\" content=\"en_US\" \/>\n<meta property=\"og:type\" content=\"article\" \/>\n<meta property=\"og:title\" content=\"The Artisans | Atelier Eva Blanca\" \/>\n<meta property=\"og:description\" content=\"D\u00e9couvrez les artisants de l&#039;Atelier Eva Blanca. Une \u00e9quipe d&#039;experts en maquillage et coiffure de mariage dans la r\u00e9gion de Montr\u00e9al.\" \/>\n<meta property=\"og:url\" content=\"https:\/\/atelierevablanca.com\/en\/artisans\/\" \/>\n<meta property=\"og:site_name\" content=\"Atelier Eva Blanca\" \/>\n<meta property=\"article:publisher\" content=\"https:\/\/www.facebook.com\/Atelierevablanca\/\" \/>\n<meta property=\"article:modified_time\" content=\"2016-11-19T23:19:12+00:00\" \/>\n<meta name=\"twitter:card\" content=\"summary_large_image\" \/>\n<meta name=\"twitter:label1\" content=\"Est. reading time\" \/>\n\t<meta name=\"twitter:data1\" content=\"1 minute\" \/>\n<script type=\"application\/ld+json\" class=\"yoast-schema-graph\">{\"@context\":\"https:\/\/schema.org\",\"@graph\":[{\"@type\":\"WebPage\",\"@id\":\"https:\/\/atelierevablanca.com\/en\/artisans\/\",\"url\":\"https:\/\/atelierevablanca.com\/en\/artisans\/\",\"name\":\"The Artisans | Atelier Eva Blanca\",\"isPartOf\":{\"@id\":\"https:\/\/atelierevablanca.com\/#website\"},\"datePublished\":\"2016-11-04T11:52:00+00:00\",\"dateModified\":\"2016-11-19T23:19:12+00:00\",\"description\":\"D\u00e9couvrez les artisants de l'Atelier Eva Blanca. Une \u00e9quipe d'experts en maquillage et coiffure de mariage dans la r\u00e9gion de Montr\u00e9al.\",\"breadcrumb\":{\"@id\":\"https:\/\/atelierevablanca.com\/en\/artisans\/#breadcrumb\"},\"inLanguage\":\"en-US\",\"potentialAction\":[{\"@type\":\"ReadAction\",\"target\":[\"https:\/\/atelierevablanca.com\/en\/artisans\/\"]}]},{\"@type\":\"BreadcrumbList\",\"@id\":\"https:\/\/atelierevablanca.com\/en\/artisans\/#breadcrumb\",\"itemListElement\":[{\"@type\":\"ListItem\",\"position\":1,\"name\":\"Home\",\"item\":\"https:\/\/atelierevablanca.com\/en\/\"},{\"@type\":\"ListItem\",\"position\":2,\"name\":\"The Artisans\"}]},{\"@type\":\"WebSite\",\"@id\":\"https:\/\/atelierevablanca.com\/#website\",\"url\":\"https:\/\/atelierevablanca.com\/\",\"name\":\"Atelier Eva Blanca\",\"description\":\"Maquillage et coiffure de mariage &agrave; Montr&eacute;al\",\"potentialAction\":[{\"@type\":\"SearchAction\",\"target\":{\"@type\":\"EntryPoint\",\"urlTemplate\":\"https:\/\/atelierevablanca.com\/?s={search_term_string}\"},\"query-input\":\"required name=search_term_string\"}],\"inLanguage\":\"en-US\"}]}<\/script>\n<!-- \/ Yoast SEO plugin. -->","yoast_head_json":{"title":"The Artisans | Atelier Eva Blanca","description":"D\u00e9couvrez les artisants de l'Atelier Eva Blanca. Une \u00e9quipe d'experts en maquillage et coiffure de mariage dans la r\u00e9gion de Montr\u00e9al.","robots":{"index":"index","follow":"follow","max-snippet":"max-snippet:-1","max-image-preview":"max-image-preview:large","max-video-preview":"max-video-preview:-1"},"canonical":"https:\/\/atelierevablanca.com\/en\/artisans\/","og_locale":"en_US","og_type":"article","og_title":"The Artisans | Atelier Eva Blanca","og_description":"D\u00e9couvrez les artisants de l'Atelier Eva Blanca. Une \u00e9quipe d'experts en maquillage et coiffure de mariage dans la r\u00e9gion de Montr\u00e9al.","og_url":"https:\/\/atelierevablanca.com\/en\/artisans\/","og_site_name":"Atelier Eva Blanca","article_publisher":"https:\/\/www.facebook.com\/Atelierevablanca\/","article_modified_time":"2016-11-19T23:19:12+00:00","twitter_card":"summary_large_image","twitter_misc":{"Est. reading time":"1 minute"},"schema":{"@context":"https:\/\/schema.org","@graph":[{"@type":"WebPage","@id":"https:\/\/atelierevablanca.com\/en\/artisans\/","url":"https:\/\/atelierevablanca.com\/en\/artisans\/","name":"The Artisans | Atelier Eva Blanca","isPartOf":{"@id":"https:\/\/atelierevablanca.com\/#website"},"datePublished":"2016-11-04T11:52:00+00:00","dateModified":"2016-11-19T23:19:12+00:00","description":"D\u00e9couvrez les artisants de l'Atelier Eva Blanca. Une \u00e9quipe d'experts en maquillage et coiffure de mariage dans la r\u00e9gion de Montr\u00e9al.","breadcrumb":{"@id":"https:\/\/atelierevablanca.com\/en\/artisans\/#breadcrumb"},"inLanguage":"en-US","potentialAction":[{"@type":"ReadAction","target":["https:\/\/atelierevablanca.com\/en\/artisans\/"]}]},{"@type":"BreadcrumbList","@id":"https:\/\/atelierevablanca.com\/en\/artisans\/#breadcrumb","itemListElement":[{"@type":"ListItem","position":1,"name":"Home","item":"https:\/\/atelierevablanca.com\/en\/"},{"@type":"ListItem","position":2,"name":"The Artisans"}]},{"@type":"WebSite","@id":"https:\/\/atelierevablanca.com\/#website","url":"https:\/\/atelierevablanca.com\/","name":"Atelier Eva Blanca","description":"Maquillage et coiffure de mariage &agrave; Montr&eacute;al","potentialAction":[{"@type":"SearchAction","target":{"@type":"EntryPoint","urlTemplate":"https:\/\/atelierevablanca.com\/?s={search_term_string}"},"query-input":"required name=search_term_string"}],"inLanguage":"en-US"}]}},"_links":{"self":[{"href":"https:\/\/atelierevablanca.com\/en\/wp-json\/wp\/v2\/pages\/4262"}],"collection":[{"href":"https:\/\/atelierevablanca.com\/en\/wp-json\/wp\/v2\/pages"}],"about":[{"href":"https:\/\/atelierevablanca.com\/en\/wp-json\/wp\/v2\/types\/page"}],"author":[{"embeddable":true,"href":"https:\/\/atelierevablanca.com\/en\/wp-json\/wp\/v2\/users\/1"}],"replies":[{"embeddable":true,"href":"https:\/\/atelierevablanca.com\/en\/wp-json\/wp\/v2\/comments?post=4262"}],"version-history":[{"count":2,"href":"https:\/\/atelierevablanca.com\/en\/wp-json\/wp\/v2\/pages\/4262\/revisions"}],"predecessor-version":[{"id":4264,"href":"https:\/\/atelierevablanca.com\/en\/wp-json\/wp\/v2\/pages\/4262\/revisions\/4264"}],"wp:attachment":[{"href":"https:\/\/atelierevablanca.com\/en\/wp-json\/wp\/v2\/media?parent=4262"}],"curies":[{"name":"wp","href":"https:\/\/api.w.org\/{rel}","templated":true}]}}