{"id":4597,"date":"2017-11-02T14:34:16","date_gmt":"2017-11-02T18:34:16","guid":{"rendered":"http:\/\/atelierevablanca.com\/services\/cours-de-maquillage-professionnels\/"},"modified":"2017-11-04T11:38:22","modified_gmt":"2017-11-04T15:38:22","slug":"professional-makeup-courses","status":"publish","type":"page","link":"https:\/\/atelierevablanca.com\/en\/services\/professional-makeup-courses\/","title":{"rendered":"Professional Makeup Courses"},"content":{"rendered":"<p>[vc_row content_aligment=&#8221;center&#8221; css=&#8221;.vc_custom_1509716277574{padding-right: 10px !important;padding-left: 10px !important;background-color: #f0ead9 !important;}&#8221;][vc_column width=&#8221;1\/6&#8243;][\/vc_column][vc_column width=&#8221;2\/3&#8243;][vc_empty_space height=&#8221;50px&#8221;][vc_empty_space height=&#8221;50px&#8221;][vc_column_text]<\/p>\n<p style=\"text-align: justify;\">\n<p class=\"qodef-custom-font-holder\" style=\"font-size: 18px;line-height: 28px;font-style: light;text-decoration: none;text-align: centre;color: black\" data-font-size= 18 data-line-height= 28>\n\t<\/p><\/p>\n<p>[\/vc_column_text][vc_column_text]<\/p>\n<h2 style=\"text-align: center;\">Makeup training program for professionals offered in private sessions or in groups of 2 in the comfort of our Atelier.<\/h2>\n<p>[\/vc_column_text][vc_empty_space][\/vc_column][vc_column width=&#8221;1\/6&#8243;][\/vc_column][\/vc_row][vc_row][vc_column][vc_empty_space height=&#8221;50px&#8221;]<div class=\"qodef-image-gallery\">\n\t<div class=\"qodef-image-gallery-grid qodef-gallery-columns-3 \" >\n\t\t\t\t\t<div class=\"qodef-gallery-image\">\n\t\t\t\t                    <div class=\"qodef-gallery-image-overlay\"><\/div>\n\t\t\t\t\t\t\t\t\t\t\t<img width=\"800\" height=\"800\" src=\"https:\/\/atelierevablanca.com\/wp-content\/uploads\/2017\/11\/Atelier-Eva-Blanca_cours-maquillage-square_3.png\" class=\"attachment-full size-full\" alt=\"\" decoding=\"async\" loading=\"lazy\" srcset=\"https:\/\/atelierevablanca.com\/wp-content\/uploads\/2017\/11\/Atelier-Eva-Blanca_cours-maquillage-square_3.png 800w, https:\/\/atelierevablanca.com\/wp-content\/uploads\/2017\/11\/Atelier-Eva-Blanca_cours-maquillage-square_3-150x150.png 150w, https:\/\/atelierevablanca.com\/wp-content\/uploads\/2017\/11\/Atelier-Eva-Blanca_cours-maquillage-square_3-300x300.png 300w, https:\/\/atelierevablanca.com\/wp-content\/uploads\/2017\/11\/Atelier-Eva-Blanca_cours-maquillage-square_3-768x768.png 768w, https:\/\/atelierevablanca.com\/wp-content\/uploads\/2017\/11\/Atelier-Eva-Blanca_cours-maquillage-square_3-550x550.png 550w\" sizes=\"(max-width: 800px) 100vw, 800px\" \/>\t\t\t\t\t\t\t\t\t\t\t\t\t<\/div>\n\t\t\t\t\t<div class=\"qodef-gallery-image\">\n\t\t\t\t                    <div class=\"qodef-gallery-image-overlay\"><\/div>\n\t\t\t\t\t\t\t\t\t\t\t<img width=\"887\" height=\"887\" src=\"https:\/\/atelierevablanca.com\/wp-content\/uploads\/2017\/11\/Atelier-Eva-Blanca_cours-maquillage-square.png\" class=\"attachment-full size-full\" alt=\"\" decoding=\"async\" loading=\"lazy\" srcset=\"https:\/\/atelierevablanca.com\/wp-content\/uploads\/2017\/11\/Atelier-Eva-Blanca_cours-maquillage-square.png 887w, https:\/\/atelierevablanca.com\/wp-content\/uploads\/2017\/11\/Atelier-Eva-Blanca_cours-maquillage-square-150x150.png 150w, https:\/\/atelierevablanca.com\/wp-content\/uploads\/2017\/11\/Atelier-Eva-Blanca_cours-maquillage-square-300x300.png 300w, https:\/\/atelierevablanca.com\/wp-content\/uploads\/2017\/11\/Atelier-Eva-Blanca_cours-maquillage-square-768x768.png 768w, https:\/\/atelierevablanca.com\/wp-content\/uploads\/2017\/11\/Atelier-Eva-Blanca_cours-maquillage-square-550x550.png 550w\" sizes=\"(max-width: 887px) 100vw, 887px\" \/>\t\t\t\t\t\t\t\t\t\t\t\t\t<\/div>\n\t\t\t\t\t<div class=\"qodef-gallery-image\">\n\t\t\t\t                    <div class=\"qodef-gallery-image-overlay\"><\/div>\n\t\t\t\t\t\t\t\t\t\t\t<img width=\"800\" height=\"800\" src=\"https:\/\/atelierevablanca.com\/wp-content\/uploads\/2017\/11\/Atelier-Eva-Blanca_cours-maquillage-square_2.png\" class=\"attachment-full size-full\" alt=\"\" decoding=\"async\" loading=\"lazy\" srcset=\"https:\/\/atelierevablanca.com\/wp-content\/uploads\/2017\/11\/Atelier-Eva-Blanca_cours-maquillage-square_2.png 800w, https:\/\/atelierevablanca.com\/wp-content\/uploads\/2017\/11\/Atelier-Eva-Blanca_cours-maquillage-square_2-150x150.png 150w, https:\/\/atelierevablanca.com\/wp-content\/uploads\/2017\/11\/Atelier-Eva-Blanca_cours-maquillage-square_2-300x300.png 300w, https:\/\/atelierevablanca.com\/wp-content\/uploads\/2017\/11\/Atelier-Eva-Blanca_cours-maquillage-square_2-768x768.png 768w, https:\/\/atelierevablanca.com\/wp-content\/uploads\/2017\/11\/Atelier-Eva-Blanca_cours-maquillage-square_2-550x550.png 550w\" sizes=\"(max-width: 800px) 100vw, 800px\" \/>\t\t\t\t\t\t\t\t\t\t\t\t\t<\/div>\n\t\t\t<\/div>\n<\/div>[vc_empty_space height=&#8221;50px&#8221;][\/vc_column][\/vc_row][vc_row css=&#8221;.vc_custom_1509648902099{padding-right: 30px !important;padding-left: 30px !important;}&#8221;][vc_column width=&#8221;1\/6&#8243;][\/vc_column][vc_column width=&#8221;1\/3&#8243;][vc_empty_space][vc_column_text]<\/p>\n<h3>Sessions &amp; general info<\/h3>\n<p>Our Makeup Course Program is offered in <strong>4 sessions<\/strong> :<\/p>\n<ul>\n<li>2 manadatory sessions<\/li>\n<li>2 optional sessions for refinement and in-depth techniques<\/li>\n<\/ul>\n<p>&nbsp;<\/p>\n<p>Each session is composed of XX 2-hour courses and a final exam.<\/p>\n<p>Each student is responsible to come accompanied with a different model for each course.<\/p>\n<p>&nbsp;<\/p>\n<p>Upon completion of the 4 sessions, each students will receive :<\/p>\n<ul>\n<li>a certificate as proof of course completion<\/li>\n<li>A letter of recommendation from your teacher<\/li>\n<li>Help to fin a job within the industry<\/li>\n<\/ul>\n<p>[\/vc_column_text][\/vc_column][vc_column width=&#8221;1\/3&#8243;][vc_empty_space height=&#8221;50px&#8221;]\n<blockquote class=\"qodef-blockquote-shortcode\" style=\"width: 90%\" >\n\t<span class=\"qodef-icon-quotations-holder\">\n\t\t<span aria-hidden=\"true\" class=\"qodef-icon-font-elegant icon_quotations \" ><\/span>\t<\/span>\n\t<h3 class=\"qodef-blockquote-text\">\n\t<span>100% student employment rate within the industry <\/span>\n\t<\/h3>\n<\/blockquote>[vc_empty_space][vc_column_text]<\/p>\n<h3><\/h3>\n<h3>Group Courses<\/h3>\n<p>Courses for groups of 2 students are only offered in sessions starting in November or April.<\/p>\n<p>&nbsp;<\/p>\n<h3>Cancellation<\/h3>\n<p>If a student wished to cancel a course, it will not be postponed.<\/p>\n<p>Class cancellation must be done at least 1 week in advance.[\/vc_column_text][\/vc_column][vc_column width=&#8221;1\/6&#8243;][\/vc_column][\/vc_row][vc_row][vc_column][vc_empty_space height=&#8221;50px&#8221;][\/vc_column][\/vc_row][vc_row css=&#8221;.vc_custom_1509714307576{background-color: #e9d0ce !important;}&#8221;][vc_column][vc_empty_space height=&#8221;75px&#8221;][vc_column_text]<\/p>\n<h1 style=\"text-align: center;\">Subscription &amp; Rates<\/h1>\n<p>[\/vc_column_text][vc_empty_space height=&#8221;50px&#8221;][vc_column_text]<\/p>\n<p style=\"text-align: center;\">For more information about subscription and rates for our Professional Makeup Program, contact us<\/p>\n<h3 style=\"text-align: center;\">514-699-3605<\/h3>\n<h3 style=\"text-align: center;\"><a href=\"mailto:info@atelierevablanca.com\">info@atelierevablanca.com<\/a><\/h3>\n<p>[\/vc_column_text][vc_empty_space height=&#8221;75px&#8221;][\/vc_column][\/vc_row]<\/p>\n","protected":false},"excerpt":{"rendered":"<p>[vc_row content_aligment=&#8221;center&#8221; css=&#8221;.vc_custom_1509716277574{padding-right: 10px !important;padding-left: 10px !important;background-color: #f0ead9 !important;}&#8221;][vc_column width=&#8221;1\/6&#8243;][\/vc_column][vc_column width=&#8221;2\/3&#8243;][vc_empty_space height=&#8221;50px&#8221;][vc_empty_space height=&#8221;50px&#8221;][vc_column_text] [\/vc_column_text][vc_column_text] Makeup training program for professionals offered in private sessions or in groups of 2 in the comfort of our Atelier. [\/vc_column_text][vc_empty_space][\/vc_column][vc_column width=&#8221;1\/6&#8243;][\/vc_column][\/vc_row][vc_row][vc_column][vc_empty_space height=&#8221;50px&#8221;][vc_empty_space height=&#8221;50px&#8221;][\/vc_column][\/vc_row][vc_row css=&#8221;.vc_custom_1509648902099{padding-right: 30px !important;padding-left: 30px !important;}&#8221;][vc_column width=&#8221;1\/6&#8243;][\/vc_column][vc_column width=&#8221;1\/3&#8243;][vc_empty_space][vc_column_text]&#8230;<\/p>\n","protected":false},"author":1,"featured_media":0,"parent":4267,"menu_order":0,"comment_status":"closed","ping_status":"closed","template":"full-width.php","meta":{"_monsterinsights_skip_tracking":false,"_monsterinsights_sitenote_active":false,"_monsterinsights_sitenote_note":"","_monsterinsights_sitenote_category":0},"yoast_head":"<!-- This site is optimized with the Yoast SEO plugin v21.1 - https:\/\/yoast.com\/wordpress\/plugins\/seo\/ -->\n<title>Professional Makeup Courses | Atelier Eva Blanca<\/title>\n<meta name=\"description\" content=\"Cours de maquillage professionnels \u00e0 Montr\u00e9al. Cours priv\u00e9s ou en groupes de 2 disponnibles \u00e0 notre Atelier. Contactez-nous pour plus de d\u00e9tails.\" \/>\n<meta name=\"robots\" content=\"index, follow, max-snippet:-1, max-image-preview:large, max-video-preview:-1\" \/>\n<link rel=\"canonical\" href=\"https:\/\/atelierevablanca.com\/en\/services\/professional-makeup-courses\/\" \/>\n<meta property=\"og:locale\" content=\"en_US\" \/>\n<meta property=\"og:type\" content=\"article\" \/>\n<meta property=\"og:title\" content=\"Professional Makeup Courses | Atelier Eva Blanca\" \/>\n<meta property=\"og:description\" content=\"Cours de maquillage professionnels \u00e0 Montr\u00e9al. Cours priv\u00e9s ou en groupes de 2 disponnibles \u00e0 notre Atelier. Contactez-nous pour plus de d\u00e9tails.\" \/>\n<meta property=\"og:url\" content=\"https:\/\/atelierevablanca.com\/en\/services\/professional-makeup-courses\/\" \/>\n<meta property=\"og:site_name\" content=\"Atelier Eva Blanca\" \/>\n<meta property=\"article:publisher\" content=\"https:\/\/www.facebook.com\/Atelierevablanca\/\" \/>\n<meta property=\"article:modified_time\" content=\"2017-11-04T15:38:22+00:00\" \/>\n<meta name=\"twitter:card\" content=\"summary_large_image\" \/>\n<meta name=\"twitter:label1\" content=\"Est. reading time\" \/>\n\t<meta name=\"twitter:data1\" content=\"2 minutes\" \/>\n<script type=\"application\/ld+json\" class=\"yoast-schema-graph\">{\"@context\":\"https:\/\/schema.org\",\"@graph\":[{\"@type\":\"WebPage\",\"@id\":\"https:\/\/atelierevablanca.com\/en\/services\/professional-makeup-courses\/\",\"url\":\"https:\/\/atelierevablanca.com\/en\/services\/professional-makeup-courses\/\",\"name\":\"Professional Makeup Courses | Atelier Eva Blanca\",\"isPartOf\":{\"@id\":\"https:\/\/atelierevablanca.com\/#website\"},\"datePublished\":\"2017-11-02T18:34:16+00:00\",\"dateModified\":\"2017-11-04T15:38:22+00:00\",\"description\":\"Cours de maquillage professionnels \u00e0 Montr\u00e9al. Cours priv\u00e9s ou en groupes de 2 disponnibles \u00e0 notre Atelier. Contactez-nous pour plus de d\u00e9tails.\",\"breadcrumb\":{\"@id\":\"https:\/\/atelierevablanca.com\/en\/services\/professional-makeup-courses\/#breadcrumb\"},\"inLanguage\":\"en-US\",\"potentialAction\":[{\"@type\":\"ReadAction\",\"target\":[\"https:\/\/atelierevablanca.com\/en\/services\/professional-makeup-courses\/\"]}]},{\"@type\":\"BreadcrumbList\",\"@id\":\"https:\/\/atelierevablanca.com\/en\/services\/professional-makeup-courses\/#breadcrumb\",\"itemListElement\":[{\"@type\":\"ListItem\",\"position\":1,\"name\":\"Home\",\"item\":\"https:\/\/atelierevablanca.com\/en\/\"},{\"@type\":\"ListItem\",\"position\":2,\"name\":\"Services\",\"item\":\"https:\/\/atelierevablanca.com\/en\/services\/\"},{\"@type\":\"ListItem\",\"position\":3,\"name\":\"Professional Makeup Courses\"}]},{\"@type\":\"WebSite\",\"@id\":\"https:\/\/atelierevablanca.com\/#website\",\"url\":\"https:\/\/atelierevablanca.com\/\",\"name\":\"Atelier Eva Blanca\",\"description\":\"Maquillage et coiffure de mariage &agrave; Montr&eacute;al\",\"potentialAction\":[{\"@type\":\"SearchAction\",\"target\":{\"@type\":\"EntryPoint\",\"urlTemplate\":\"https:\/\/atelierevablanca.com\/?s={search_term_string}\"},\"query-input\":\"required name=search_term_string\"}],\"inLanguage\":\"en-US\"}]}<\/script>\n<!-- \/ Yoast SEO plugin. -->","yoast_head_json":{"title":"Professional Makeup Courses | Atelier Eva Blanca","description":"Cours de maquillage professionnels \u00e0 Montr\u00e9al. Cours priv\u00e9s ou en groupes de 2 disponnibles \u00e0 notre Atelier. Contactez-nous pour plus de d\u00e9tails.","robots":{"index":"index","follow":"follow","max-snippet":"max-snippet:-1","max-image-preview":"max-image-preview:large","max-video-preview":"max-video-preview:-1"},"canonical":"https:\/\/atelierevablanca.com\/en\/services\/professional-makeup-courses\/","og_locale":"en_US","og_type":"article","og_title":"Professional Makeup Courses | Atelier Eva Blanca","og_description":"Cours de maquillage professionnels \u00e0 Montr\u00e9al. Cours priv\u00e9s ou en groupes de 2 disponnibles \u00e0 notre Atelier. Contactez-nous pour plus de d\u00e9tails.","og_url":"https:\/\/atelierevablanca.com\/en\/services\/professional-makeup-courses\/","og_site_name":"Atelier Eva Blanca","article_publisher":"https:\/\/www.facebook.com\/Atelierevablanca\/","article_modified_time":"2017-11-04T15:38:22+00:00","twitter_card":"summary_large_image","twitter_misc":{"Est. reading time":"2 minutes"},"schema":{"@context":"https:\/\/schema.org","@graph":[{"@type":"WebPage","@id":"https:\/\/atelierevablanca.com\/en\/services\/professional-makeup-courses\/","url":"https:\/\/atelierevablanca.com\/en\/services\/professional-makeup-courses\/","name":"Professional Makeup Courses | Atelier Eva Blanca","isPartOf":{"@id":"https:\/\/atelierevablanca.com\/#website"},"datePublished":"2017-11-02T18:34:16+00:00","dateModified":"2017-11-04T15:38:22+00:00","description":"Cours de maquillage professionnels \u00e0 Montr\u00e9al. Cours priv\u00e9s ou en groupes de 2 disponnibles \u00e0 notre Atelier. Contactez-nous pour plus de d\u00e9tails.","breadcrumb":{"@id":"https:\/\/atelierevablanca.com\/en\/services\/professional-makeup-courses\/#breadcrumb"},"inLanguage":"en-US","potentialAction":[{"@type":"ReadAction","target":["https:\/\/atelierevablanca.com\/en\/services\/professional-makeup-courses\/"]}]},{"@type":"BreadcrumbList","@id":"https:\/\/atelierevablanca.com\/en\/services\/professional-makeup-courses\/#breadcrumb","itemListElement":[{"@type":"ListItem","position":1,"name":"Home","item":"https:\/\/atelierevablanca.com\/en\/"},{"@type":"ListItem","position":2,"name":"Services","item":"https:\/\/atelierevablanca.com\/en\/services\/"},{"@type":"ListItem","position":3,"name":"Professional Makeup Courses"}]},{"@type":"WebSite","@id":"https:\/\/atelierevablanca.com\/#website","url":"https:\/\/atelierevablanca.com\/","name":"Atelier Eva Blanca","description":"Maquillage et coiffure de mariage &agrave; Montr&eacute;al","potentialAction":[{"@type":"SearchAction","target":{"@type":"EntryPoint","urlTemplate":"https:\/\/atelierevablanca.com\/?s={search_term_string}"},"query-input":"required name=search_term_string"}],"inLanguage":"en-US"}]}},"_links":{"self":[{"href":"https:\/\/atelierevablanca.com\/en\/wp-json\/wp\/v2\/pages\/4597"}],"collection":[{"href":"https:\/\/atelierevablanca.com\/en\/wp-json\/wp\/v2\/pages"}],"about":[{"href":"https:\/\/atelierevablanca.com\/en\/wp-json\/wp\/v2\/types\/page"}],"author":[{"embeddable":true,"href":"https:\/\/atelierevablanca.com\/en\/wp-json\/wp\/v2\/users\/1"}],"replies":[{"embeddable":true,"href":"https:\/\/atelierevablanca.com\/en\/wp-json\/wp\/v2\/comments?post=4597"}],"version-history":[{"count":4,"href":"https:\/\/atelierevablanca.com\/en\/wp-json\/wp\/v2\/pages\/4597\/revisions"}],"predecessor-version":[{"id":4601,"href":"https:\/\/atelierevablanca.com\/en\/wp-json\/wp\/v2\/pages\/4597\/revisions\/4601"}],"up":[{"embeddable":true,"href":"https:\/\/atelierevablanca.com\/en\/wp-json\/wp\/v2\/pages\/4267"}],"wp:attachment":[{"href":"https:\/\/atelierevablanca.com\/en\/wp-json\/wp\/v2\/media?parent=4597"}],"curies":[{"name":"wp","href":"https:\/\/api.w.org\/{rel}","templated":true}]}}