{"id":4904,"date":"2022-12-19T03:07:49","date_gmt":"2022-12-19T08:07:49","guid":{"rendered":"https:\/\/atelierevablanca.com\/?page_id=4904"},"modified":"2022-12-19T03:07:49","modified_gmt":"2022-12-19T08:07:49","slug":"accueil-2","status":"publish","type":"page","link":"https:\/\/atelierevablanca.com\/en\/accueil-2\/","title":{"rendered":"Home"},"content":{"rendered":"<p>[vc_row content_aligment=&#8221;center&#8221; css=&#8221;.vc_custom_1478992806119{padding-right: 20px !important;padding-left: 20px !important;background-color: #faf2ec !important;}&#8221;][vc_column width=&#8221;1\/4&#8243;][\/vc_column][vc_column width=&#8221;1\/2&#8243;][vc_empty_space height=&#8221;100px&#8221;][vc_column_text]<\/p>\n<h2 style=\"text-align: center;\"><\/h2>\n<h2 style=\"text-align: center;\">LUXURY. SERENITY. ATELIER.<\/h2>\n<p>[\/vc_column_text][vc_empty_space height=&#8221;60px&#8221;][vc_column_text]<\/p>\n<p style=\"text-align: center;\">Team of bridal makeup artists and hair experts in the Montreal region and everywhere in the province who offers luxury and serenity on your wedding day. From Montreal to Quebec City, Sherbrooke to Tremblant, or wherever your destination, Atelier Eva Blanca provides a superior service. With our team, you are guaranteed to look your best on your most special day.<\/p>\n<p>[\/vc_column_text][vc_empty_space height=&#8221;60px&#8221;][\/vc_column][vc_column width=&#8221;1\/4&#8243;][\/vc_column][\/vc_row][vc_row][vc_column]\n\t\t\t<!-- START home REVOLUTION SLIDER 6.5.25 --><p class=\"rs-p-wp-fix\"><\/p>\n\t\t\t<rs-module-wrap id=\"rev_slider_1_1_wrapper\" data-source=\"gallery\" style=\"visibility:hidden;background:transparent;padding:0;\">\n\t\t\t\t<rs-module id=\"rev_slider_1_1\" style=\"\" data-version=\"6.5.25\">\n\t\t\t\t\t<rs-slides>\n\t\t\t\t\t\t<rs-slide style=\"position: absolute;\" data-key=\"rs-2\" data-title=\"Slide\" data-anim=\"ms:10;\" data-in=\"o:1;\" data-out=\"a:false;\">\n\t\t\t\t\t\t\t<img src=\"\/\/atelierevablanca.com\/wp-content\/plugins\/revslider\/public\/assets\/assets\/dummy.png\" alt=\"\" title=\"Home\" class=\"rev-slidebg tp-rs-img rs-lazyload\" data-lazyload=\"\/\/atelierevablanca.com\/wp-content\/uploads\/2016\/11\/Les-Trois-Atelier-Eva-Blanca_maquillage-coiffure-mariage.png\" data-parallax=\"15\" data-no-retina>\n<!--\n\t\t\t\t\t\t\t--><rs-layer\n\t\t\t\t\t\t\t\tid=\"slider-1-slide-2-layer-1\" \n\t\t\t\t\t\t\t\tdata-type=\"text\"\n\t\t\t\t\t\t\t\tdata-color=\"rgba(255,255,255,1)\"\n\t\t\t\t\t\t\t\tdata-rsp_ch=\"on\"\n\t\t\t\t\t\t\t\tdata-xy=\"xo:1171px;yo:836px;\"\n\t\t\t\t\t\t\t\tdata-text=\"s:12;l:22;\"\n\t\t\t\t\t\t\t\tdata-frame_1=\"e:power2.inOut;st:500;\"\n\t\t\t\t\t\t\t\tdata-frame_999=\"o:0;e:nothing;st:w;\"\n\t\t\t\t\t\t\t\tstyle=\"z-index:5;font-family:'Roboto';\"\n\t\t\t\t\t\t\t>Photo: Yannick Lesperance \n\t\t\t\t\t\t\t<\/rs-layer><!--\n-->\t\t\t\t\t\t<\/rs-slide>\n\t\t\t\t\t<\/rs-slides>\n\t\t\t\t<\/rs-module>\n\t\t\t\t<script>\n\t\t\t\t\tsetREVStartSize({c: 'rev_slider_1_1',rl:[1240,1024,778,480],el:[868,768,960,720],gw:[1400,1024,778,480],gh:[868,768,960,720],type:'standard',justify:'',layout:'fullscreen',offsetContainer:'',offset:'',mh:\"0\"});if (window.RS_MODULES!==undefined && window.RS_MODULES.modules!==undefined && window.RS_MODULES.modules[\"revslider11\"]!==undefined) {window.RS_MODULES.modules[\"revslider11\"].once = false;window.revapi1 = undefined;if (window.RS_MODULES.checkMinimal!==undefined) window.RS_MODULES.checkMinimal()}\n\t\t\t\t<\/script>\n\t\t\t<\/rs-module-wrap>\n\t\t\t<!-- END REVOLUTION SLIDER -->\n[\/vc_column][\/vc_row][vc_row css=&#8221;.vc_custom_1478992878458{padding-right: 20px !important;padding-left: 20px !important;}&#8221;][vc_column]\r\n<div class=\"qodef-cover-boxes boxes-three\" data-active-element=\"1\">\r\n    <ul class='clearfix'>\r\n        <li>\r\n            <div class=\"qodef-box\">\r\n                <div class=\"qodef-box-info-holder\">\r\n                    <div class=\"qodef-box-top-stripe\"><\/div>\r\n                    <a class=\"qodef-box-thumb\" href=\"http:\/\/atelierevablanca.com\/services\/\" target=\"_self\">\r\n                        <img alt=\"Bridal Hair &amp; Makeup\" src=\"https:\/\/atelierevablanca.com\/wp-content\/uploads\/2016\/10\/AtelierEvaBlanca_coiffuremaquillagemariage_Montreal.png\" \/>\r\n                    <\/a>\r\n                <\/div>\r\n                <div class='qodef-box-content'>\r\n                    <h6 class=\"qodef-cover-box-title\">\r\n                        Bridal Hair &amp; Makeup                    <\/h6>\r\n                    <p class=\"qodef-cover-box-text\">\r\n                        See how to obtain you dream wedding day look, while remaining yourself and above all, natural.                    <\/p>\r\n                    <a itemprop=\"url\" href=\"http:\/\/atelierevablanca.com\/services\/\" target=\"_self\"  class=\"qodef-btn qodef-btn-medium qodef-btn-outline\"  >    <span class=\"qodef-btn-text\">More Info<\/span>    <\/a>                <\/div>\r\n            <\/div>\r\n        <\/li>\r\n        <li>\r\n            <div class=\"qodef-box\">\r\n                <div class=\"qodef-box-info-holder\">\r\n                    <div class=\"qodef-box-top-stripe\"><\/div>\r\n                    <a class=\"qodef-box-thumb\" href=\"http:\/\/atelierevablanca.com\/services\/\" target=\"_self\">\r\n                        <img alt=\"In-Home Services\" src=\"https:\/\/atelierevablanca.com\/wp-content\/uploads\/2016\/10\/AtelierEvaBlanca_autresservices_Montreal.png\" \/>\r\n                    <\/a>\r\n                <\/div>\r\n                <div class='qodef-box-content'>\r\n                    <h6 class=\"qodef-cover-box-title\">\r\n                        In-Home Services                    <\/h6>\r\n                    <p class=\"qodef-cover-box-text\">\r\n                        All of our services are available in the comfort of your home or hotel room.                     <\/p>\r\n                    <a itemprop=\"url\" href=\"http:\/\/atelierevablanca.com\/services\/\" target=\"_self\"  class=\"qodef-btn qodef-btn-medium qodef-btn-outline\"  >    <span class=\"qodef-btn-text\">More info<\/span>    <\/a>                <\/div>\r\n            <\/div>\r\n        <\/li>\r\n        <li>\r\n            <div class=\"qodef-box\">\r\n                <div class=\"qodef-box-info-holder\">\r\n                    <div class=\"qodef-box-top-stripe\"><\/div>\r\n                    <a class=\"qodef-box-thumb\" href=\"http:\/\/atelierevablanca.com\/services\/\" target=\"_self\">\r\n                        <img alt=\"Grooming Services\" src=\"https:\/\/atelierevablanca.com\/wp-content\/uploads\/2016\/10\/AtelierEvaBlanca_service-de-barbier_Montreal.png\" \/>\r\n                    <\/a>\r\n                <\/div>\r\n                <div class='qodef-box-content'>\r\n                    <h6 class=\"qodef-cover-box-title\">\r\n                        Grooming Services                    <\/h6>\r\n                    <p class=\"qodef-cover-box-text\">\r\n                        High-end grooming services for men offered in collaboration with Emporium Barbershop.                     <\/p>\r\n                    <a itemprop=\"url\" href=\"http:\/\/atelierevablanca.com\/services\/\" target=\"_self\"  class=\"qodef-btn qodef-btn-medium qodef-btn-outline\"  >    <span class=\"qodef-btn-text\">More Info<\/span>    <\/a>                <\/div>\r\n            <\/div>\r\n        <\/li>\r\n    <\/ul>\r\n<\/div>[\/vc_column][\/vc_row][vc_row row_type=&#8221;parallax&#8221; content_aligment=&#8221;center&#8221; full_screen_section_height=&#8221;no&#8221; parallax_speed=&#8221;2&#8243; css=&#8221;.vc_custom_1479431806112{background-color: #e7d9ca !important;}&#8221;][vc_column][vc_empty_space height=&#8221;150px&#8221;][vc_column_text]<\/p>\n<h2 style=\"text-align: center;\"><span style=\"color: #ffffff;\">Follow Us on<\/span><br \/>\n<span style=\"color: #ffffff;\">instagram<\/span><\/h2>\n<p>[\/vc_column_text][vc_empty_space height=&#8221;150px&#8221;][\/vc_column][\/vc_row][vc_row][vc_column][vc_column_text]<code>\t\t<div id=\"sbi_mod_error\" >\n\t\t\t<span>This error message is only visible to WordPress admins<\/span><br\/>\n\t\t\t<p><strong>Error: No feed found.<\/strong>\n\t\t\t<p>Please go to the Instagram Feed settings page to create a feed.<\/p>\n\t\t<\/div>\n\t\t<\/code>[\/vc_column_text][\/vc_column][\/vc_row]<\/p>\n","protected":false},"excerpt":{"rendered":"<p>[vc_row content_aligment=&#8221;center&#8221; css=&#8221;.vc_custom_1478992806119{padding-right: 20px !important;padding-left: 20px !important;background-color: #faf2ec !important;}&#8221;][vc_column width=&#8221;1\/4&#8243;][\/vc_column][vc_column width=&#8221;1\/2&#8243;][vc_empty_space height=&#8221;100px&#8221;][vc_column_text] LUXURY. SERENITY. ATELIER. [\/vc_column_text][vc_empty_space height=&#8221;60px&#8221;][vc_column_text] Team of bridal makeup artists and hair experts in the Montreal region and everywhere in the province who offers luxury and serenity on your wedding day. From Montreal&#8230;<\/p>\n","protected":false},"author":2,"featured_media":0,"parent":0,"menu_order":0,"comment_status":"closed","ping_status":"closed","template":"full-width.php","meta":{"_monsterinsights_skip_tracking":false,"_monsterinsights_sitenote_active":false,"_monsterinsights_sitenote_note":"","_monsterinsights_sitenote_category":0},"yoast_head":"<!-- This site is optimized with the Yoast SEO plugin v21.1 - https:\/\/yoast.com\/wordpress\/plugins\/seo\/ -->\n<title>Atelier Eva Blanca | Maquillage et coiffure de mariage \u00e0 Montr\u00e9al<\/title>\n<meta name=\"description\" content=\"\u00c9quipe d&#039;experts en maquillage et coiffure de mariage \u00e0 Montr\u00e9al. L&#039;Atelier offre aussi des services de spray tan, extensions de cils et barbier \u00e0 domicile.\" \/>\n<meta name=\"robots\" content=\"index, follow, max-snippet:-1, max-image-preview:large, max-video-preview:-1\" \/>\n<link rel=\"canonical\" href=\"https:\/\/atelierevablanca.com\/en\/accueil-2\/\" \/>\n<meta property=\"og:locale\" content=\"en_US\" \/>\n<meta property=\"og:type\" content=\"article\" \/>\n<meta property=\"og:title\" content=\"Atelier Eva Blanca | Maquillage et coiffure de mariage \u00e0 Montr\u00e9al\" \/>\n<meta property=\"og:description\" content=\"\u00c9quipe d&#039;experts en maquillage et coiffure de mariage \u00e0 Montr\u00e9al. L&#039;Atelier offre aussi des services de spray tan, extensions de cils et barbier \u00e0 domicile.\" \/>\n<meta property=\"og:url\" content=\"https:\/\/atelierevablanca.com\/en\/accueil-2\/\" \/>\n<meta property=\"og:site_name\" content=\"Atelier Eva Blanca\" \/>\n<meta property=\"article:publisher\" content=\"https:\/\/www.facebook.com\/Atelierevablanca\/\" \/>\n<meta name=\"twitter:card\" content=\"summary_large_image\" \/>\n<meta name=\"twitter:label1\" content=\"Est. reading time\" \/>\n\t<meta name=\"twitter:data1\" content=\"1 minute\" \/>\n<script type=\"application\/ld+json\" class=\"yoast-schema-graph\">{\"@context\":\"https:\/\/schema.org\",\"@graph\":[{\"@type\":\"WebPage\",\"@id\":\"https:\/\/atelierevablanca.com\/en\/accueil-2\/\",\"url\":\"https:\/\/atelierevablanca.com\/en\/accueil-2\/\",\"name\":\"Atelier Eva Blanca | Maquillage et coiffure de mariage \u00e0 Montr\u00e9al\",\"isPartOf\":{\"@id\":\"https:\/\/atelierevablanca.com\/#website\"},\"datePublished\":\"2022-12-19T08:07:49+00:00\",\"dateModified\":\"2022-12-19T08:07:49+00:00\",\"description\":\"\u00c9quipe d'experts en maquillage et coiffure de mariage \u00e0 Montr\u00e9al. L'Atelier offre aussi des services de spray tan, extensions de cils et barbier \u00e0 domicile.\",\"breadcrumb\":{\"@id\":\"https:\/\/atelierevablanca.com\/en\/accueil-2\/#breadcrumb\"},\"inLanguage\":\"en-US\",\"potentialAction\":[{\"@type\":\"ReadAction\",\"target\":[\"https:\/\/atelierevablanca.com\/en\/accueil-2\/\"]}]},{\"@type\":\"BreadcrumbList\",\"@id\":\"https:\/\/atelierevablanca.com\/en\/accueil-2\/#breadcrumb\",\"itemListElement\":[{\"@type\":\"ListItem\",\"position\":1,\"name\":\"Home\",\"item\":\"https:\/\/atelierevablanca.com\/en\/\"},{\"@type\":\"ListItem\",\"position\":2,\"name\":\"Home\"}]},{\"@type\":\"WebSite\",\"@id\":\"https:\/\/atelierevablanca.com\/#website\",\"url\":\"https:\/\/atelierevablanca.com\/\",\"name\":\"Atelier Eva Blanca\",\"description\":\"Maquillage et coiffure de mariage &agrave; Montr&eacute;al\",\"potentialAction\":[{\"@type\":\"SearchAction\",\"target\":{\"@type\":\"EntryPoint\",\"urlTemplate\":\"https:\/\/atelierevablanca.com\/?s={search_term_string}\"},\"query-input\":\"required name=search_term_string\"}],\"inLanguage\":\"en-US\"}]}<\/script>\n<!-- \/ Yoast SEO plugin. -->","yoast_head_json":{"title":"Atelier Eva Blanca | Maquillage et coiffure de mariage \u00e0 Montr\u00e9al","description":"\u00c9quipe d'experts en maquillage et coiffure de mariage \u00e0 Montr\u00e9al. L'Atelier offre aussi des services de spray tan, extensions de cils et barbier \u00e0 domicile.","robots":{"index":"index","follow":"follow","max-snippet":"max-snippet:-1","max-image-preview":"max-image-preview:large","max-video-preview":"max-video-preview:-1"},"canonical":"https:\/\/atelierevablanca.com\/en\/accueil-2\/","og_locale":"en_US","og_type":"article","og_title":"Atelier Eva Blanca | Maquillage et coiffure de mariage \u00e0 Montr\u00e9al","og_description":"\u00c9quipe d'experts en maquillage et coiffure de mariage \u00e0 Montr\u00e9al. L'Atelier offre aussi des services de spray tan, extensions de cils et barbier \u00e0 domicile.","og_url":"https:\/\/atelierevablanca.com\/en\/accueil-2\/","og_site_name":"Atelier Eva Blanca","article_publisher":"https:\/\/www.facebook.com\/Atelierevablanca\/","twitter_card":"summary_large_image","twitter_misc":{"Est. reading time":"1 minute"},"schema":{"@context":"https:\/\/schema.org","@graph":[{"@type":"WebPage","@id":"https:\/\/atelierevablanca.com\/en\/accueil-2\/","url":"https:\/\/atelierevablanca.com\/en\/accueil-2\/","name":"Atelier Eva Blanca | Maquillage et coiffure de mariage \u00e0 Montr\u00e9al","isPartOf":{"@id":"https:\/\/atelierevablanca.com\/#website"},"datePublished":"2022-12-19T08:07:49+00:00","dateModified":"2022-12-19T08:07:49+00:00","description":"\u00c9quipe d'experts en maquillage et coiffure de mariage \u00e0 Montr\u00e9al. L'Atelier offre aussi des services de spray tan, extensions de cils et barbier \u00e0 domicile.","breadcrumb":{"@id":"https:\/\/atelierevablanca.com\/en\/accueil-2\/#breadcrumb"},"inLanguage":"en-US","potentialAction":[{"@type":"ReadAction","target":["https:\/\/atelierevablanca.com\/en\/accueil-2\/"]}]},{"@type":"BreadcrumbList","@id":"https:\/\/atelierevablanca.com\/en\/accueil-2\/#breadcrumb","itemListElement":[{"@type":"ListItem","position":1,"name":"Home","item":"https:\/\/atelierevablanca.com\/en\/"},{"@type":"ListItem","position":2,"name":"Home"}]},{"@type":"WebSite","@id":"https:\/\/atelierevablanca.com\/#website","url":"https:\/\/atelierevablanca.com\/","name":"Atelier Eva Blanca","description":"Maquillage et coiffure de mariage &agrave; Montr&eacute;al","potentialAction":[{"@type":"SearchAction","target":{"@type":"EntryPoint","urlTemplate":"https:\/\/atelierevablanca.com\/?s={search_term_string}"},"query-input":"required name=search_term_string"}],"inLanguage":"en-US"}]}},"_links":{"self":[{"href":"https:\/\/atelierevablanca.com\/en\/wp-json\/wp\/v2\/pages\/4904"}],"collection":[{"href":"https:\/\/atelierevablanca.com\/en\/wp-json\/wp\/v2\/pages"}],"about":[{"href":"https:\/\/atelierevablanca.com\/en\/wp-json\/wp\/v2\/types\/page"}],"author":[{"embeddable":true,"href":"https:\/\/atelierevablanca.com\/en\/wp-json\/wp\/v2\/users\/2"}],"replies":[{"embeddable":true,"href":"https:\/\/atelierevablanca.com\/en\/wp-json\/wp\/v2\/comments?post=4904"}],"version-history":[{"count":2,"href":"https:\/\/atelierevablanca.com\/en\/wp-json\/wp\/v2\/pages\/4904\/revisions"}],"predecessor-version":[{"id":4906,"href":"https:\/\/atelierevablanca.com\/en\/wp-json\/wp\/v2\/pages\/4904\/revisions\/4906"}],"wp:attachment":[{"href":"https:\/\/atelierevablanca.com\/en\/wp-json\/wp\/v2\/media?parent=4904"}],"curies":[{"name":"wp","href":"https:\/\/api.w.org\/{rel}","templated":true}]}}